{"id":390,"date":"2022-01-04T10:16:05","date_gmt":"2022-01-04T10:16:05","guid":{"rendered":"https:\/\/wordpressriverthemes.com\/earna\/?page_id=390"},"modified":"2023-02-05T17:17:43","modified_gmt":"2023-02-05T17:17:43","slug":"small-account-trades","status":"publish","type":"page","link":"https:\/\/smallaccounttrades.com\/es\/","title":{"rendered":"Operaciones de cuenta peque\u00f1a"},"content":{"rendered":"<div id=\"hero\" class=\"vc_row wpb_row vc_row-fluid\"><div class=\"wpb_column vc_column_container vc_col-sm-12\"><div class=\"vc_column-inner\"><div class=\"wpb_wrapper\"><!-- Start Banner \n    ============================================= -->\n    <div class=\"banner-area inc-video video-bg-live top-pad-50 bg-cover\" style=\"background-image: url(assets\/img\/banner\/1.jpg);\">\n        <div class=\"player\" data-property=\"{videoURL:'90GONv1U-2o',containment:'.video-bg-live', showControls:false, autoPlay:true, zoom:0, loop:true, mute:true, startAt:3, opacity:1, quality:'default'}\"><\/div>\n        \n        <div id=\"bootcarousel\" class=\"carousel text-light slide animate_text\" data-ride=\"carousel\">\n\n            <!-- Indicators for slides -->\n            <div class=\"carousel-indicator\">\n                <div class=\"container\">\n                    <div class=\"row\">\n                        <div class=\"col-lg-12\">\n                            <ol class=\"carousel-indicators right\"><li data-target=\"#bootcarousel\" data-slide-to=\"0\" class=\"active\"><\/li><li data-target=\"#bootcarousel\" data-slide-to=\"1\" class=\"\"><\/li><\/ol>\n                        <\/div>\n                    <\/div>\n                <\/div>\n            <\/div>\n\n            <!-- Wrapper for slides -->\n            <div class=\"carousel-inner\"><div class=\"carousel-item\">\n    <div class=\"box-table shadow dark\">\n        <div class=\"box-cell\">\n            <div class=\"container\">\n                <div class=\"row\">\n                    <div class=\"col-lg-8 offset-lg-4\">\n                        <div class=\"content\">\n                            <h4 data-animation=\"animated zoomInRight\">Haz crecer tu cuenta<\/h4>\n                            <h2 data-animation=\"animated slideInRight\">Haz crecer tu cuenta un 1000% con nuestras alertas. <span><\/span><\/h2><a data-animation=\"animated zoomInUp\" class=\"btn btn-theme effect btn-md\" href=\"https:\/\/smallaccounttrades.com\/es\/grow-your-trading-account\/\">Descubrir m\u00e1s<\/a><\/div>\n                    <\/div>\n                <\/div>\n            <\/div>\n        <\/div>\n    <\/div>\n<\/div><div class=\"carousel-item active\">\n    <div class=\"box-table shadow dark\">\n        <div class=\"box-cell\">\n            <div class=\"container\">\n                <div class=\"row\">\n                    <div class=\"col-lg-8 offset-lg-4\">\n                        <div class=\"content\">\n                            <h4 data-animation=\"animated zoomInRight\">Mejora tu trading<\/h4>\n                            <h2 data-animation=\"animated slideInRight\">Subscr\u00edbete gratis, a nuestro an\u00e1lisis de mercado semanal. <span><\/span><\/h2><a data-animation=\"animated zoomInUp\" class=\"btn btn-theme effect btn-md\" href=\"https:\/\/smallaccounttrades.com\/es\/grow-your-trading-account\/\">\u00danete ahora<\/a><\/div>\n                    <\/div>\n                <\/div>\n            <\/div>\n        <\/div>\n    <\/div>\n<\/div><\/div>\n            <!-- End Wrapper for slides -->\n\n        <\/div>\n    <\/div>\n    <!-- End Banner --><\/div><\/div><\/div><\/div><div id=\"service\" class=\"vc_row wpb_row vc_row-fluid\"><div class=\"wpb_column vc_column_container vc_col-sm-12\"><div class=\"vc_column-inner\"><div class=\"wpb_wrapper\"><!-- Star Services Area\n        ============================================= -->\n        <div class=\"default-services-area default-padding\">\n            <div class=\"container\">\n                <div class=\"row\">\n                    <div class=\"col-lg-8 offset-lg-2\">\n                        <div class=\"site-heading text-center\">\n                            <h4>MERCADOS<\/h4>\n                            <h2>Qu\u00e9 mercados manejamos<\/h2>\n                            <div class=\"devider\"><\/div>\n                            <p>\n                                Compramos y vendemos opciones con una alta volatilidad impl\u00edcita en casi cualquier instrumento financiero que se pueda negociar, incluidas acciones, bonos, REIT, futuros, algunos ETFs, criptos, Forex y NFTs.\n                            <\/p>\n                        <\/div>\n                    <\/div>\n                <\/div>\n            <\/div>\n            <div class=\"container\">\n                <div class=\"services-items\">\n                    <div class=\"row\"><!-- Single Item -->\n                    <div class=\"col-lg-4 col-md-6 single-item\">\n                        <div class=\"item\">\n                            <div class=\"info\">\n                                <i class=\"flaticon-budget\"><\/i>\n                                <h4><a href=\"\">Opciones<\/a><\/h4>\n                                <p>\n                                    Las opciones son poderosas herramientas. Cuando se usan correctamente, ofrecen muchas ventajas comparadas con las acciones y ETFs, las opciones mejoran la cartera de un inversionista, produciendo  apalancamiento financiero ya que a menudo se usan con fines especulativos, para generar ingresos recurrentes. \n                                <\/p>\n                            <\/div>\n                        <\/div>\n                    <\/div>\n                    <!-- End Single Item --><!-- Single Item -->\n                    <div class=\"col-lg-4 col-md-6 single-item\">\n                        <div class=\"item\">\n                            <div class=\"info\">\n                                <i class=\"flaticon-money-1\"><\/i>\n                                <h4><a href=\"\">Futuros<\/a><\/h4>\n                                <p>\n                                    Los futuros son contratos financieros que obligan a las partes a comprar o vender  bienes o valores en una fecha y un precio futuro establecido de antemano. Permiten  especular sobre el precio de un instrumento o una materia prima y se pueden utilizar como contingencia para evitar p\u00e9rdidas por cambios desfavorables en los precios . \n                                <\/p>\n                            <\/div>\n                        <\/div>\n                    <\/div>\n                    <!-- End Single Item --><!-- Single Item -->\n                    <div class=\"col-lg-4 col-md-6 single-item\">\n                        <div class=\"item\">\n                            <div class=\"info\">\n                                <i class=\"flaticon-money\"><\/i>\n                                <h4><a href=\"\">ETFs<\/a><\/h4>\n                                <p>\n                                    Un fondo cotizado en bolsa (ETF, por sus siglas en ingl\u00e9s) es una canasta de valores que se negocia igual que una acci\u00f3n. Pueden rastrear un \u00edndice, un sector, o una materia prima, y resultan a veces  m\u00e1s convenientes que una acci\u00f3n pues son veh\u00edculos que ayudan a invertir de manera diversificada y con bajo costo. \n                                <\/p>\n                            <\/div>\n                        <\/div>\n                    <\/div>\n                    <!-- End Single Item --><!-- Single Item -->\n                    <div class=\"col-lg-4 col-md-6 single-item\">\n                        <div class=\"item\">\n                            <div class=\"info\">\n                                <i class=\"flaticon-funds\"><\/i>\n                                <h4><a href=\"\">Forex<\/a><\/h4>\n                                <p>\n                                    Los mercados de divisas tienden a ser los mercados de activos m\u00e1s grandes y l\u00edquidos del mundo, al igul que los stocks, ofrecen futuros, opciones y cambio de divisas. Forex se utiliza para protegerse contra el riesgo de las tasas de inter\u00e9s, para especular sobre eventos geopol\u00edticos y para diversificar carteras. \n                                <\/p>\n                            <\/div>\n                        <\/div>\n                    <\/div>\n                    <!-- End Single Item --><!-- Single Item -->\n                    <div class=\"col-lg-4 col-md-6 single-item\">\n                        <div class=\"item\">\n                            <div class=\"info\">\n                                <i class=\"flaticon-analysis\"><\/i>\n                                <h4><a href=\"\">Criptos<\/a><\/h4>\n                                <p>\n                                    Las criptomonedas son formas de activos digitales basados en una red distribuida en una gran cantidad de computadoras. Esta estructura les permite existir fuera del control de los gobiernos y las autoridades centrales, proporcionando transferencias de dinero m\u00e1s baratas y r\u00e1pidas y sistemas descentralizados que no colapsan. \n                                <\/p>\n                            <\/div>\n                        <\/div>\n                    <\/div>\n                    <!-- End Single Item --><!-- Single Item -->\n                    <div class=\"col-lg-4 col-md-6 single-item\">\n                        <div class=\"item\">\n                            <div class=\"info\">\n                                <i class=\"flaticon-analytics-1\"><\/i>\n                                <h4><a href=\"\">Bonos<\/a><\/h4>\n                                <p>\n                                    Los bonos son instrumentos de renta fija, representan un pr\u00e9stamo hecho por un inversor a un prestatario. Cuando las tasas de interes suben, los bonos bajan y viceversa. Los gobiernos y corporaciones, usan bonos com\u00fanmente  para pedir dinero prestado, lo que permite que muchos inversionistas individuales asuman el papel de prestamista. \n                                <\/p>\n                            <\/div>\n                        <\/div>\n                    <\/div>\n                    <!-- End Single Item --> <\/div>\n            <\/div>\n        <\/div>\n    <\/div>\n    <!-- End Services Area --><\/div><\/div><\/div><\/div><div id=\"about\" class=\"vc_row wpb_row vc_row-fluid\"><div class=\"wpb_column vc_column_container vc_col-sm-12\"><div class=\"vc_column-inner\"><div class=\"wpb_wrapper\"><!-- Star About Area\n    ============================================= -->\n    <div class=\"about-area bg-dark overflow-hidden text-light relative\">\n        <!-- Fixed Shape -->\n        <div class=\"fixed-shape\" style=\"background-image: url();\"><\/div>\n        <!-- End Fixed Shape -->\n        <div class=\"container\">\n            <div class=\"about-items\">\n                <div class=\"row\">\n                    <div class=\"col-lg-6 thumb order-lg-last\" style=\"background-image: url();\">\n                        <div class=\"successr-ate\">\n                            <div class=\"icon\">\n                                <i class=\"flaticon-target\"><\/i>\n                            <\/div>\n                            <div class=\"content\">\n                                <h2>85 %<\/h2>\n                                <span>Tasa de \u00e9xito<\/span>\n                            <\/div>\n                        <\/div>\n                    <\/div>\n\n                    <div class=\"col-lg-6 info\">\n                        <h4>Nuestro sistema<\/h4>\n                        <h2>Compramos y vendemos opciones con alta volatilidad impl\u00edcita.<\/h2>\n                        <p>\n                            Comprar y vender volatilidad es diferente de otros tipos de trading, ya que independientemente de la direcci\u00f3n en la que el mercado se mueva , hacia arriba o hacia abajo, se puede obtener ganancias. Cuanto mayor sea el nivel de volatilidad, mayor ser\u00e1 el movimiento del precio, y mayor ser\u00e1 la ganancia, lo \u00fanico que importa es que fluctue, es por seso que \u00a1\u00a18 de cada 10 transaciones que usan nuestra estrategia, producen ganancia!!\n                        <\/p>\n                        <ul><li>\n                    <h5>Haz crecer tu cuenta un 1000% con nuestras alertas.<\/h5>\n                    <p>\n                        Sigue nuestras alertas y haz crecer tu cuenta 1000 %.\n                    <\/p>\n                <\/li><li>\n                    <h5>Subscr\u00edbete gratis, a nuestro an\u00e1lisis de mercado semanal.<\/h5>\n                    <p>\n                        \u00danete a nuestro bolet\u00edn y planifica tu semana.\n                    <\/p>\n                <\/li><\/ul>\n                        <a class=\"btn btn-gradient effect btn-md\" href=\"https:\/\/smallaccounttrades.com\/es\/grow-your-trading-account\/\">Descubrir m\u00e1s<\/a>\n                    <\/div>\n                    \n                <\/div>\n            <\/div>\n        <\/div>\n    <\/div>\n    <!-- End About Area --><\/div><\/div><\/div><\/div><div class=\"vc_row wpb_row vc_row-fluid\"><div class=\"wpb_column vc_column_container vc_col-sm-12\"><div class=\"vc_column-inner\"><div class=\"wpb_wrapper\"><!-- Start Expertise Area\n    ============================================= -->\n    <div class=\"expertise-area default-padding\">\n        <div class=\"container\">\n\n            <!-- Item Heading -->\n            <div class=\"item-heading\">\n                <div class=\"row\">\n                    <div class=\"col-lg-5 info\">\n                        <h4>Nuestra experiencia<\/h4>\n                        <h2>M\u00e1s de 7 a\u00f1os haciendo crecer cuentas bursatiles (trading)<\/h2>\n                    <\/div>\n                    <div class=\"col-lg-7 right-info\">\n                        <div class=\"skill-items\"><div class=\"progress-box\">\n                    <h5>Opciones<\/h5>\n                    <div class=\"progress\">\n                        <div class=\"progress-bar\" role=\"progressbar\" data-width=\"70\">\n                            <span>70%<\/span>\n                        <\/div>\n                    <\/div>\n                <\/div><div class=\"progress-box\">\n                    <h5>Futuros<\/h5>\n                    <div class=\"progress\">\n                        <div class=\"progress-bar\" role=\"progressbar\" data-width=\"15\">\n                            <span>15%<\/span>\n                        <\/div>\n                    <\/div>\n                <\/div><div class=\"progress-box\">\n                    <h5>Otros<\/h5>\n                    <div class=\"progress\">\n                        <div class=\"progress-bar\" role=\"progressbar\" data-width=\"15\">\n                            <span>15%<\/span>\n                        <\/div>\n                    <\/div>\n                <\/div><\/div>\n                    <\/div>\n                <\/div>\n            <\/div>\n            <!-- End Item Heading -->\n\n            <!-- Expertise Content -->\n            <div class=\"expertise-content text-light\" style=\"background-image: url(https:\/\/smallaccounttrades.com\/wp-content\/uploads\/2022\/05\/trading-picture.png);\">\n                <div class=\"row\"><!-- Single Item -->\n                    <div class=\"col-lg-4 single-item\">\n                        <div class=\"item\">\n                            <div class=\"content\">\n                                <h4>1000 alertas de crecimiento de cuenta % NANO<\/h4>\n                                <p>\n                                     Ideal para inversionistas con cuentas entre $500 y $1,000. \n                                <\/p>\n                            <\/div>\n                            <a class=\"btn btn-sm\" href=\"https:\/\/smallaccounttrades.com\/es\/grow-your-trading-account\/\">Suscr\u00edbete ahora<\/a>\n                        <\/div>\n                    <\/div>\n                    <!-- End Single Item --><!-- Single Item -->\n                    <div class=\"col-lg-4 single-item\">\n                        <div class=\"item\">\n                            <div class=\"content\">\n                                <h4>Alertas para que tu MICRO cuenta crezca 1000%<\/h4>\n                                <p>\n                                     Lo mejor para inversionistas con cuentas entre $1,000 y $3,000. \n                                <\/p>\n                            <\/div>\n                            <a class=\"btn btn-sm\" href=\"https:\/\/smallaccounttrades.com\/es\/grow-your-trading-account\/\">Suscr\u00edbete ahora<\/a>\n                        <\/div>\n                    <\/div>\n                    <!-- End Single Item --><!-- Single Item -->\n                    <div class=\"col-lg-4 single-item\">\n                        <div class=\"item\">\n                            <div class=\"content\">\n                                <h4>Alertas para que tu MINI cuenta crezca 1000%<\/h4>\n                                <p>\n                                     Perfecto para inversionistas con cuentas entre $3,000 y $5,000 \n                                <\/p>\n                            <\/div>\n                            <a class=\"btn btn-sm\" href=\"https:\/\/smallaccounttrades.com\/es\/grow-your-trading-account\/\">Suscr\u00edbete ahora<\/a>\n                        <\/div>\n                    <\/div>\n                    <!-- End Single Item --><\/div>\n                <!-- Fixed Shape -->\n                <div class=\"fixed-shape\" style=\"background-image: url(https:\/\/smallaccounttrades.com\/wp-content\/uploads\/2021\/09\/13.png);\"><\/div>\n                <!-- Fixed Shape -->\n            <\/div>\n            <!-- Expertise Content -->\n\n        <\/div>\n    <\/div>\n    <!-- End Expertise Area --><\/div><\/div><\/div><\/div>","protected":false},"excerpt":{"rendered":"Aumente su cuenta \u00danase a nuestras alertas de crecimiento de cuenta 1000%. Descubra m\u00e1s Mejore sus operaciones Obtenga nuestro an\u00e1lisis de mercado semanal gratuito. \u00danase ahora MERCADOS Qu\u00e9 negociamos Negociamos opciones de alta volatilidad impl\u00edcita en casi cualquier activo o instrumento financiero que se pueda negociar, incluidas acciones, bonos, REIT, futuros de materias primas, contratos, algunos fondos cotizados en bolsa (ETF), criptomonedas, [...]","protected":false},"author":1,"featured_media":0,"parent":0,"menu_order":0,"comment_status":"closed","ping_status":"closed","template":"page-templates\/home3.php","meta":{"pmpro_default_level":""},"aioseo_notices":[],"_links":{"self":[{"href":"https:\/\/smallaccounttrades.com\/es\/wp-json\/wp\/v2\/pages\/390"}],"collection":[{"href":"https:\/\/smallaccounttrades.com\/es\/wp-json\/wp\/v2\/pages"}],"about":[{"href":"https:\/\/smallaccounttrades.com\/es\/wp-json\/wp\/v2\/types\/page"}],"author":[{"embeddable":true,"href":"https:\/\/smallaccounttrades.com\/es\/wp-json\/wp\/v2\/users\/1"}],"replies":[{"embeddable":true,"href":"https:\/\/smallaccounttrades.com\/es\/wp-json\/wp\/v2\/comments?post=390"}],"version-history":[{"count":0,"href":"https:\/\/smallaccounttrades.com\/es\/wp-json\/wp\/v2\/pages\/390\/revisions"}],"wp:attachment":[{"href":"https:\/\/smallaccounttrades.com\/es\/wp-json\/wp\/v2\/media?parent=390"}],"curies":[{"name":"wp","href":"https:\/\/api.w.org\/{rel}","templated":true}]}}