{"id":658,"date":"2022-05-15T01:04:03","date_gmt":"2022-05-15T01:04:03","guid":{"rendered":"https:\/\/smallaccounttrades.com\/login\/"},"modified":"2022-06-08T16:59:25","modified_gmt":"2022-06-08T16:59:25","slug":"login","status":"publish","type":"page","link":"https:\/\/smallaccounttrades.com\/es\/login\/","title":{"rendered":"Iniciar sesi\u00f3n"},"content":{"rendered":"<div class=\"pmpro_login_wrap\">\n\t\t\t\t\t<h2>Acceder<\/h2>\t\t\t\t\t\n\t\t<form name=\"loginform\" id=\"loginform\" action=\"https:\/\/smallaccounttrades.com\/wp-login.php\" method=\"post\" data-trp-original-action=\"https:\/\/smallaccounttrades.com\/wp-login.php\">\n\t\t\t<input type=\"hidden\" name=\"pmpro_login_form_used\" value=\"1\" \/>\n\t\t\t<p class=\"login-username\">\n\t\t\t\t<label for=\"user_login\">Nombre de usuario o correo electr\u00f3nico<\/label>\n\t\t\t\t<input type=\"text\" name=\"log\" id=\"user_login\" class=\"input\" value=\"\" size=\"20\" \/>\n\t\t\t<\/p>\n\t\t\t<p class=\"login-password\">\n\t\t\t\t<label for=\"user_pass\">Contrase\u00f1a<\/label>\n\t\t\t\t<input type=\"password\" name=\"pwd\" id=\"user_pass\" class=\"input\" value=\"\" size=\"20\" \/>\n\t\t\t<\/p>\n\t\t\t\n\t\t\t<p class=\"login-remember\"><label><input name=\"rememberme\" type=\"checkbox\" id=\"rememberme\" value=\"forever\" \/> Rec\u00fa\u00e9rdame<\/label><\/p>\n\t\t\t<p class=\"login-submit\">\n\t\t\t\t<input type=\"submit\" name=\"wp-submit\" id=\"wp-submit\" class=\"button button-primary\" value=\"Acceder\" \/>\n\t\t\t\t<input type=\"hidden\" name=\"redirect_to\" value=\"\" \/>\n\t\t\t<\/p>\n\t\t\t\n\t\t<input type=\"hidden\" name=\"trp-form-language\" value=\"es\"\/><\/form>\t<hr \/>\n\t<p class=\"pmpro_actions_nav\">\n\t\t<a href=\"https:\/\/smallaccounttrades.com\/es\/login\/?action=reset_pass\">\u00bfHas perdido tu contrase\u00f1a?<\/a>\t<\/p> <!-- end pmpro_actions_nav -->\n\t\t\t\t\t<\/div> <!-- end pmpro_login_wrap -->","protected":false},"excerpt":{"rendered":"Acceder Nombre de usuario o correo electr\u00f3nico Contrase\u00f1a Recu\u00e9rdame \u00bfHas perdido tu contrase\u00f1a?","protected":false},"author":1,"featured_media":0,"parent":0,"menu_order":0,"comment_status":"closed","ping_status":"closed","template":"","meta":{"pmpro_default_level":""},"aioseo_notices":[],"_links":{"self":[{"href":"https:\/\/smallaccounttrades.com\/es\/wp-json\/wp\/v2\/pages\/658"}],"collection":[{"href":"https:\/\/smallaccounttrades.com\/es\/wp-json\/wp\/v2\/pages"}],"about":[{"href":"https:\/\/smallaccounttrades.com\/es\/wp-json\/wp\/v2\/types\/page"}],"author":[{"embeddable":true,"href":"https:\/\/smallaccounttrades.com\/es\/wp-json\/wp\/v2\/users\/1"}],"replies":[{"embeddable":true,"href":"https:\/\/smallaccounttrades.com\/es\/wp-json\/wp\/v2\/comments?post=658"}],"version-history":[{"count":0,"href":"https:\/\/smallaccounttrades.com\/es\/wp-json\/wp\/v2\/pages\/658\/revisions"}],"wp:attachment":[{"href":"https:\/\/smallaccounttrades.com\/es\/wp-json\/wp\/v2\/media?parent=658"}],"curies":[{"name":"wp","href":"https:\/\/api.w.org\/{rel}","templated":true}]}}