{"id":774,"date":"2022-05-30T20:50:15","date_gmt":"2022-05-30T20:50:15","guid":{"rendered":"https:\/\/smallaccounttrades.com\/?page_id=774"},"modified":"2023-02-28T16:13:51","modified_gmt":"2023-02-28T16:13:51","slug":"micro-account-growing-alerts-2","status":"publish","type":"page","link":"https:\/\/smallaccounttrades.com\/es\/micro-account-growing-alerts-2\/","title":{"rendered":"MICRO Alertas de crecimiento"},"content":{"rendered":"<div class=\"vc_row wpb_row vc_row-fluid\"><div class=\"wpb_column vc_column_container vc_col-sm-12\"><div class=\"vc_column-inner\"><div class=\"wpb_wrapper\"><div  class=\"wpb_widgetised_column wpb_content_element\">\n\t\t<div class=\"wpb_wrapper\">\n\t\t\t<h2 class=\"wpb_heading wpb_widgetised_column_heading\">Cotizaciones diarias de \u00edndices<\/h2>\n\t\t\t<div id=\"widget_stock_quotes-3\" class=\"sidebar-item Widget_Stock_Quotes\"><iframe referrerpolicy=\"no-referrer-when-downgrade\" id=\"c8f3dbb7-cb2a-58e7-a1ca-b8a210894ef6\" frameborder=\"0\" class=\"stockdio_quotes\" scrolling=\"no\" width=\"100%\"  src=\"https:\/\/api.stockdio.com\/visualization\/financial\/charts\/v1\/QuoteBoard?app-key= 3585AD5E654441419681118D67E2A9B6&wp=1&addVolume=false&showUserMenu=false&symbols=%5EGSPC%3B%5EDJI%3B%5EIXIC%3B%5ERUT%3B%5EVIX&stockExchange=NYSENasdaq&culture=English-US&palette=Financial-Light&motif=Financial&showCurrency=false&allowSort=true&includeLogo=true&includeSymbol=true&includeCompany=true&includePrice=true&includeChange=true&includePercentChange=true&includeTrend=true&includeVolume=false&showHeader=true&width=100%25&intraday=true&onload=c8f3dbb7-cb2a-58e7-a1ca-b8a210894ef6\"><\/iframe><\/div>\n\t\t<\/div>\n\t<\/div>\n<!-- Star Project Details Area\n    ============================================= -->\n    <div class=\"project-details-area default-padding\">\n        <div class=\"container\">\n            <div class=\"project-details-items\">\n                <div class=\"thumb\">\n                    <img src=\"\" alt=\"Thumb\">\n                <\/div>\n                <div class=\"top-info\">\n                    <div class=\"row\">\n                        <div class=\"col-lg-7 left-info\">\n                            <h2>MICRO Alertas de crecimiento<\/h2>\n                            <p>\n                                Costo de las alertas por seis meses, $750<br \/>\n(El programa se renovar\u00e1 autom\u00e1ticamente a menos que elija cancelar).<\/p>\n<p>Lo que obtienes:<br \/>\nAcceso 24\/7 al rastreador de alertas de crecimiento para cuentas MICRO, para que pueda seguir nuestras transacciones.<br \/>\nDe cinco a ocho correos electr\u00f3nicos semanales (solamente para miembros), alert\u00e1ndote sobre las transacciones que estamos haciendo durante la semana.<br \/>\nSabr\u00e1s, cuando abrimos una nueva posici\u00f3n, cuando la cerramos y en que direcci\u00f3n (al alza o a la baja).<br \/>\nLa frecuencia de las alertas variar\u00e1 seg\u00fan las condiciones del mercado para esa semana.<br \/>\nEn promedio, puedes recibir de 5 a 8 alertas por semana.<br \/>\nDise\u00f1adas para cuentas entre $1,500 y $3,000, traders con algo de experiencia que buscan una mayor exposici\u00f3n al mercado de opciones.<br \/>\nTu cuenta crecer\u00e1 1000% (potencialmente), en aproximadamente seis meses.<br \/>\nSe proporcionan alertas para una cuenta comercial de $1,500. Si tu cuenta es m\u00e1s grande, deber\u00e1s hacer tus propios ajustes.\n                            <\/p>\n                            <p>\n                                Requisitos:<br \/>\n(Dependiendo de tu plataforma) Necesitar\u00e1s una cuenta trading que est\u00e9 aprobada para operar con opciones de nivel 3.<br \/>\nUsamos Tastyworks ya que funciona mejor para nuestras estrategias.<br \/>\nDebes saber c\u00f3mo colocar \u00f3rdenes con l\u00edmite, (limit orders) credit and debit spreads.\n                            <\/p>\n                        <\/div>\n                        <div class=\"col-lg-5 right-info\">\n                            <div class=\"project-info\">\n                                <h3>Informaci\u00f3n del proyecto<\/h3>\n                                <ul>\n                                    <li>\n                                        $750 Alertas por seis meses. <span>(Renovaci\u00f3n autom\u00e1tica a menos que canceles).<\/span>\n                                    <\/li>\n                                    <li>\n                                        Alertas para una cuenta de $1,500 <span>crece potencialmente 1000%<\/span>\n                                    <\/li>\n                                    <li>\n                                         <span><\/span>\n                                    <\/li>\n                                    <li>\n                                         <span><\/span>\n                                    <\/li>\n                                <\/ul>\n                                <div class=\"share\">\n                                    <h4>Haz clic en el icono para abrir una cuenta TASTYWORKS<\/h4>\n                                    <ul><li class=\"facebook\">\n                                    <a href=\"https:\/\/start.tastyworks.com\/#\/login?referralCode=VNY9NPNZNZ\">\n                                        <i class=\"fa fa-line-chart\"><\/i>\n                                    <\/a>\n                                <\/li><\/ul>\n                                <\/div>\n                            <\/div>\n                        <\/div>\n                    <\/div>\n                <\/div>\n\n                <div class=\"main-content\">\n\t<div class=\"wpb_raw_code wpb_content_element wpb_raw_html\" >\n\t\t<div class=\"wpb_wrapper\">\n\t\t\t<div class='wpeppsub_wrapper' ><form target='' action='https:\/\/www.paypal.com\/cgi-bin\/webscr' method='post' data-trp-original-action=\"https:\/\/www.paypal.com\/cgi-bin\/webscr\"><input type='hidden' name='cmd' value='_xclick-subscriptions'><input type='hidden' name='business' value='8UTU6Y4WHWAHQ'><input type='hidden' name='lc' value='EN_US'><input type='hidden' name='currency_code' value='USD'><input type='hidden' name='no_shipping' value='1' \/><input type='hidden' name='no_note' value='1' \/><input type='hidden' name='custom' value='776' \/><input type='hidden' name='return' value='https:\/\/smallaccounttrades.com' \/><input type='hidden' name='bn' value='WPPlugin_SP'><input type='hidden' name='cancel_return' value='https:\/\/smallaccounttrades.com' \/><input type='hidden' name='item_name' value='MINI Account Growing Alerts'><input type='hidden' name='item_number' value='' \/><input type='hidden' name='notify_url' value='https:\/\/smallaccounttrades.com\/index.php?wpeppsub-listener=IPN'><input type='hidden' name='a3' value='750.00'><input type='hidden' name='p3' value='6'><input type='hidden' name='t3' value='M'><input type='hidden' name='src' value='1'><input class='wpeppsub_paypalbuttonimage' type='image' src='https:\/\/www.paypalobjects.com\/en_US\/i\/btn\/btn_subscribe_SM.gif' border='0' name='submit' alt='Make your payments with PayPal. It is free, secure, effective.' style='border: none;'><img alt='' border='0' style='border:none;display:none;' src='https:\/\/www.paypal.com\/EN_US\/i\/scr\/pixel.gif' width='1' height='1'><input type=\"hidden\" name=\"trp-form-language\" value=\"es\"\/><\/form><\/div>\n\t\t<\/div>\n\t<\/div>\n<section class=\"vc_cta3-container vc_cta3-size-xs\"><div class=\"vc_general vc_cta3 vc_cta3-style-classic vc_cta3-shape-rounded vc_cta3-align-left vc_cta3-color-classic vc_cta3-icon-size-md\"><div class=\"vc_cta3_content-container\"><div class=\"vc_cta3-content\"><header class=\"vc_cta3-content-header\"><h2>\u00bfA\u00fan no est\u00e1s listo para hacer crecer tu cuenta?<\/h2><\/header><h2 class=\"\" data-animation=\"animated slideInRight\">Subscr\u00edbete gratis, a nuestro an\u00e1lisis de mercado semanal.<\/h2>\n<p>Te proporcionaremos las noticias e informaci\u00f3n m\u00e1s relevantes, sobre las acciones y eventos que cosideramos podr\u00edan producir transacciones rentables para la pr\u00f3xima semana.<\/p>\n<div class=\"forminator-ui forminator-custom-form forminator-custom-form-762 forminator-design--default  forminator_ajax\" data-forminator-render=\"0\" data-form=\"forminator-module-762\" data-uid=\"69d845e21e209\"><br\/><\/div><form\n\t\t\t\tid=\"forminator-module-762\"\n\t\t\t\tclass=\"forminator-ui forminator-custom-form forminator-custom-form-762 forminator-design--default  forminator_ajax\"\n\t\t\t\tmethod=\"post\"\n\t\t\t\tdata-forminator-render=\"0\"\n\t\t\t\tdata-form-id=\"762\"\n\t\t\t\t\n\t\t\t\tdata-design=\"default\"\n\t\t\t\t\n\t\t\t\t\n\t\t\t\t\n\t\t\t\tdata-grid=\"open\"\n\t\t\t\t\n\t\t\t\t\n\t\t\t\tstyle=\"display: none;\"\n\t\t\t\t\n\t\t\t\tdata-uid=\"69d845e21e209\" action=\"\"\n\t\t\t><div role=\"alert\" aria-live=\"polite\" class=\"forminator-response-message forminator-error\" aria-hidden=\"true\"><\/div><div class=\"forminator-row\"><div id=\"name-1\" class=\"forminator-field-name forminator-col forminator-col-12\"><div class=\"forminator-field\"><label for=\"forminator-field-name-1_69d845e21e209\" id=\"forminator-field-name-1_69d845e21e209-label\" class=\"forminator-label\">Primer nombre <span class=\"forminator-required\">*<\/span><\/label><input type=\"text\" name=\"name-1\" value=\"\" placeholder=\"Por ejemplo, Juan\" id=\"forminator-field-name-1_69d845e21e209\" class=\"forminator-input forminator-name--field\" aria-required=\"true\" \/><\/div><\/div><\/div><div class=\"forminator-row\"><div id=\"email-1\" class=\"forminator-field-email forminator-col forminator-col-12\"><div class=\"forminator-field\"><label for=\"forminator-field-email-1_69d845e21e209\" id=\"forminator-field-email-1_69d845e21e209-label\" class=\"forminator-label\">Direcci\u00f3n de correo electr\u00f3nico <span class=\"forminator-required\">*<\/span><\/label><input type=\"email\" name=\"email-1\" value=\"\" placeholder=\"Por ejemplo, john@doe.com\" id=\"forminator-field-email-1_69d845e21e209\" class=\"forminator-input forminator-email--field\" data-required=\"true\" aria-required=\"true\" \/><\/div><\/div><\/div><input type=\"hidden\" name=\"referer_url\" value=\"\" \/><div class=\"forminator-row forminator-row-last\"><div class=\"forminator-col\"><div class=\"forminator-field\"><button class=\"forminator-button forminator-button-submit\">Suscribir<\/button><\/div><\/div><\/div><input type=\"hidden\" id=\"forminator_nonce\" name=\"forminator_nonce\" value=\"53d6416538\" \/><input type=\"hidden\" name=\"_wp_http_referer\" value=\"\/es\/wp-json\/wp\/v2\/pages\/774\" \/><input type=\"hidden\" name=\"form_id\" value=\"762\"><input type=\"hidden\" name=\"page_id\" value=\"774\"><input type=\"hidden\" name=\"form_type\" value=\"default\"><input type=\"hidden\" name=\"current_url\" value=\"https:\/\/smallaccounttrades.com\/es\/micro-account-growing-alerts-2\/\"><input type=\"hidden\" name=\"render_id\" value=\"0\"><input type=\"hidden\" name=\"action\" value=\"forminator_submit_form_custom-forms\"><input type=\"hidden\" name=\"trp-form-language\" value=\"es\"\/><\/form>\n<\/div><\/div><\/div><\/section><\/div><\/div><\/div><\/div><div class=\"vc_row wpb_row vc_row-fluid\"><div class=\"wpb_column vc_column_container vc_col-sm-4\"><div class=\"vc_column-inner\"><div class=\"wpb_wrapper\"><div class=\"vc_btn3-container vc_btn3-center\" ><a class=\"vc_general vc_btn3 vc_btn3-size-lg vc_btn3-shape-rounded vc_btn3-style-3d vc_btn3-color-blue\" href=\"https:\/\/smallaccounttrades.com\/es\/nano-account-growing-alerts\/\" title=\"\">\u00bfTienes una cuenta NANO?<\/a><\/div><\/div><\/div><\/div><div class=\"wpb_column vc_column_container vc_col-sm-4\"><div class=\"vc_column-inner\"><div class=\"wpb_wrapper\"><div class=\"vc_btn3-container vc_btn3-center\" ><a class=\"vc_general vc_btn3 vc_btn3-size-lg vc_btn3-shape-rounded vc_btn3-style-3d vc_btn3-color-blue\" href=\"https:\/\/smallaccounttrades.com\/es\/mini-account-growing-alerts\/\" title=\"\">\u00bfTienes una Cuenta MINI?<\/a><\/div><\/div><\/div><\/div><div class=\"wpb_column vc_column_container vc_col-sm-4\"><div class=\"vc_column-inner\"><div class=\"wpb_wrapper\"><div class=\"vc_btn3-container vc_btn3-center\" ><button class=\"vc_general vc_btn3 vc_btn3-size-lg vc_btn3-shape-rounded vc_btn3-style-3d vc_btn3-color-blue\">Podemos manejar tu dinero<\/button><\/div><\/div><\/div><\/div><\/div><div class=\"vc_row wpb_row vc_row-fluid\"><div class=\"wpb_column vc_column_container vc_col-sm-12\"><div class=\"vc_column-inner\"><div class=\"wpb_wrapper\">\n\t<div class=\"wpb_text_column wpb_content_element\" >\n\t\t<div class=\"wpb_wrapper\">\n\t\t\t<p style=\"text-align: center;\"><strong><u>ADVERTENCIA DE RIESGO<\/u><\/strong><\/p>\n<p style=\"text-align: center;\">El comercio de futuros, opciones, ETF, Forex y Crypto contiene un riesgo sustancial y no es para todos los inversores. Un inversionista podr\u00eda potencialmente perder todo o m\u00e1s que la inversi\u00f3n inicial. Un inversor solo debe operar utilizando capital de riesgo.<\/p>\n<p style=\"text-align: center;\">El capital de riesgo se refiere a los fondos asignados a la actividad especulativa y utilizados para inversiones de alto riesgo y alta rentabilidad. Se considera capital de riesgo cualquier dinero o activo que est\u00e9 expuesto a una posible p\u00e9rdida de valor.<\/p>\n<p style=\"text-align: center;\"><strong><u>EL RENDIMIENTO OBTENIDO EN EL PASADO, NO ES INDICATIVO DEL \u00c9XITO FUTURO.<\/u><\/strong>:<\/p>\n<p style=\"text-align: center;\">No asuma que los m\u00e9todos, t\u00e9cnicas o indicadores que utilizamos ser\u00e1n rentables o no generar\u00e1n p\u00e9rdidas. No asuma que las alertas futuras ser\u00e1n rentables o igualar\u00e1n el rendimiento anterior.<\/p>\n<p style=\"text-align: center;\">Small Account Trades no es un servicio de asesoramiento de inversiones, ni un asesor de inversiones registrado ni un corredor de bolsa y no es una recomendaci\u00f3n o sugerencia para comprar o vender valores o divisas.<\/p>\n<p style=\"text-align: center;\">Solo proporcionamos alertas para operaciones que realizamos con nuestro propio dinero, de acuerdo con nuestro nivel de tolerancia al riesgo y para hacer crecer nuestra cuenta trading.<\/p>\n<p style=\"text-align: center;\">No se hace ninguna representaci\u00f3n de que alguna cuenta logre o sea probable que logre ganancias o p\u00e9rdidas similares a las que se muestran.<\/p>\n\n\t\t<\/div>\n\t<\/div>\n<\/div><\/div><\/div><\/div><div class=\"vc_row wpb_row vc_row-fluid\"><div class=\"wpb_column vc_column_container vc_col-sm-12\"><div class=\"vc_column-inner\"><div class=\"wpb_wrapper\"><\/div><\/div><\/div><\/div>","protected":false},"excerpt":{"rendered":"Cotizaciones de \u00edndices diarios Alertas de crecimiento de cuenta MICRO Costo por alertas de seis meses, $750 (El programa se renovar\u00e1 autom\u00e1ticamente a menos que decida cancelar). Lo que obtienes: acceso las 24 horas del d\u00eda, los 7 d\u00edas de la semana al rastreador de alertas de crecimiento de cuentas MICRO para que puedas seguir nuestras operaciones. Correos electr\u00f3nicos semanales s\u00f3lo de cinco a ocho miembros, que le alertan sobre las operaciones que estamos [...]","protected":false},"author":1,"featured_media":764,"parent":0,"menu_order":0,"comment_status":"closed","ping_status":"closed","template":"page-templates\/pages.php","meta":{"pmpro_default_level":""},"aioseo_notices":[],"_links":{"self":[{"href":"https:\/\/smallaccounttrades.com\/es\/wp-json\/wp\/v2\/pages\/774"}],"collection":[{"href":"https:\/\/smallaccounttrades.com\/es\/wp-json\/wp\/v2\/pages"}],"about":[{"href":"https:\/\/smallaccounttrades.com\/es\/wp-json\/wp\/v2\/types\/page"}],"author":[{"embeddable":true,"href":"https:\/\/smallaccounttrades.com\/es\/wp-json\/wp\/v2\/users\/1"}],"replies":[{"embeddable":true,"href":"https:\/\/smallaccounttrades.com\/es\/wp-json\/wp\/v2\/comments?post=774"}],"version-history":[{"count":0,"href":"https:\/\/smallaccounttrades.com\/es\/wp-json\/wp\/v2\/pages\/774\/revisions"}],"wp:featuredmedia":[{"embeddable":true,"href":"https:\/\/smallaccounttrades.com\/es\/wp-json\/wp\/v2\/media\/764"}],"wp:attachment":[{"href":"https:\/\/smallaccounttrades.com\/es\/wp-json\/wp\/v2\/media?parent=774"}],"curies":[{"name":"wp","href":"https:\/\/api.w.org\/{rel}","templated":true}]}}