{"id":991,"date":"2022-09-05T22:26:43","date_gmt":"2022-09-05T22:26:43","guid":{"rendered":"https:\/\/smallaccounttrades.com\/?page_id=991"},"modified":"2022-09-05T22:33:25","modified_gmt":"2022-09-05T22:33:25","slug":"nano-trading-account-tracker","status":"publish","type":"page","link":"https:\/\/smallaccounttrades.com\/es\/nano-trading-account-tracker\/","title":{"rendered":"alertas cuenta Nano"},"content":{"rendered":"<div class=\"vc_row wpb_row vc_row-fluid\"><div class=\"wpb_column vc_column_container vc_col-sm-12\"><div class=\"vc_column-inner\"><div class=\"wpb_wrapper\">\n\t<div class=\"wpb_text_column wpb_content_element  vc_custom_1662417099291\" >\n\t\t<div class=\"wpb_wrapper\">\n\t\t\t<h3 style=\"text-align: center;\">Alertas recientes para crecimiento de  NANO cuenta<\/h3>\n<p style=\"text-align: center;\">Las alertas de crecimiento para NANO cuentas se proporcionaron para una cuenta de $500 durante un per\u00edodo de tres meses.<\/p>\n\n\t\t<\/div>\n\t<\/div>\n\n\t<div  class=\"wpb_single_image wpb_content_element vc_align_left  vc_custom_1662417186795\">\n\t\t\n\t\t<figure class=\"wpb_wrapper vc_figure\">\n\t\t\t<div class=\"vc_single_image-wrapper   vc_box_border_grey\"><img width=\"1616\" height=\"1325\" src=\"https:\/\/smallaccounttrades.com\/wp-content\/uploads\/2022\/09\/Nano-Options-Tracker-8-22-1.png\" class=\"vc_single_image-img attachment-full\" alt=\"\" loading=\"lazy\" title=\"Nano-Opciones-Rastreador-8-22\" srcset=\"https:\/\/smallaccounttrades.com\/wp-content\/uploads\/2022\/09\/Nano-Options-Tracker-8-22-1.png 1616w, https:\/\/smallaccounttrades.com\/wp-content\/uploads\/2022\/09\/Nano-Options-Tracker-8-22-1-300x246.png 300w, https:\/\/smallaccounttrades.com\/wp-content\/uploads\/2022\/09\/Nano-Options-Tracker-8-22-1-1024x840.png 1024w, https:\/\/smallaccounttrades.com\/wp-content\/uploads\/2022\/09\/Nano-Options-Tracker-8-22-1-768x630.png 768w, https:\/\/smallaccounttrades.com\/wp-content\/uploads\/2022\/09\/Nano-Options-Tracker-8-22-1-1536x1259.png 1536w, https:\/\/smallaccounttrades.com\/wp-content\/uploads\/2022\/09\/Nano-Options-Tracker-8-22-1-15x12.png 15w, https:\/\/smallaccounttrades.com\/wp-content\/uploads\/2022\/09\/Nano-Options-Tracker-8-22-1-320x262.png 320w, https:\/\/smallaccounttrades.com\/wp-content\/uploads\/2022\/09\/Nano-Options-Tracker-8-22-1-915x750.png 915w, https:\/\/smallaccounttrades.com\/wp-content\/uploads\/2022\/09\/Nano-Options-Tracker-8-22-1-488x400.png 488w\" sizes=\"(max-width: 1616px) 100vw, 1616px\" \/><\/div>\n\t\t<\/figure>\n\t<\/div>\n<\/div><\/div><\/div><\/div><div class=\"vc_row wpb_row vc_row-fluid\"><div class=\"wpb_column vc_column_container vc_col-sm-12\"><div class=\"vc_column-inner\"><div class=\"wpb_wrapper\"><!-- Star Work Process Area\n    ============================================= -->\n    <div class=\"work-process-area features-area default-padding\">\n        <div class=\"container\">\n            <div class=\"row\">\n                <div class=\"col-lg-8 offset-lg-2\">\n                    <div class=\"site-heading text-center\">\n                        <h4>ELIGE TU NIVEL<\/h4>\n                        <h2>Todos los niveles crecer\u00e1n potencialmente 1000%<\/h2>\n                        <div class=\"devider\"><\/div>\n                    <\/div>\n                <\/div>\n            <\/div>\n        <\/div>\n        <div class=\"container\">\n            <div class=\"work-process-items features-content\">\n                <div class=\"row\"><!-- Single Item -->\n                    <div class=\"single-item col-lg-4 col-md-6\">\n                        <div class=\"item\">\n                            <i class=\"flaticon-speech-bubble\"><\/i>\n                            <div class=\"top\">\n                                <span>NANO<\/span>\n                                <h4>alertas, para que tu cuenta crezca.<\/h4>\n                            <\/div>\n                            <p>\n                                Ideal para cuentas entre $500 y $1,000, traders con poca o ninguna experiencia, que buscan exposici\u00f3n al mercado de opciones. \n                            <\/p>\n                            <a href=\"https:\/\/smallaccounttrades.com\/es\/nano-account-growing-alerts\/\"><i class=\"arrow_right\"><\/i><\/a>\n                        <\/div>\n                    <\/div>\n                    <!-- Single Item --><!-- Single Item -->\n                    <div class=\"single-item col-lg-4 col-md-6\">\n                        <div class=\"item\">\n                            <i class=\"flaticon-label\"><\/i>\n                            <div class=\"top\">\n                                <span>MICRO<\/span>\n                                <h4>alertas, para que tu cuenta crezca.<\/h4>\n                            <\/div>\n                            <p>\n                                Dise\u00f1adas para cuentas entre $1,500 y $3,000, traders con algo de experiencia que buscan una mayor exposici\u00f3n al mercado de opciones. \n                            <\/p>\n                            <a href=\"https:\/\/smallaccounttrades.com\/es\/micro-account-growing-alerts-2\/\"><i class=\"arrow_right\"><\/i><\/a>\n                        <\/div>\n                    <\/div>\n                    <!-- Single Item --><!-- Single Item -->\n                    <div class=\"single-item col-lg-4 col-md-6\">\n                        <div class=\"item\">\n                            <i class=\"flaticon-file\"><\/i>\n                            <div class=\"top\">\n                                <span>MINI<\/span>\n                                <h4>alertas, para que tu cuenta crezca.<\/h4>\n                            <\/div>\n                            <p>\n                                Perfectas para cuentas entre $2,000 y $5,000, traders que pueden manejar una tolerancia de riesgo mas alta, en busca de mayores ganancias. \n                            <\/p>\n                            <a href=\"https:\/\/smallaccounttrades.com\/es\/mini-account-growing-alerts\/\"><i class=\"arrow_right\"><\/i><\/a>\n                        <\/div>\n                    <\/div>\n                    <!-- Single Item --><section class=\"vc_cta3-container vc_cta3-size-xs\"><div class=\"vc_general vc_cta3 vc_cta3-style-classic vc_cta3-shape-rounded vc_cta3-align-left vc_cta3-color-classic vc_cta3-icon-size-md\"><div class=\"vc_cta3_content-container\"><div class=\"vc_cta3-content\"><header class=\"vc_cta3-content-header\"><h2>\u00bfA\u00fan no est\u00e1s listo para hacer crecer tu cuenta?<\/h2><\/header><h2 class=\"\" data-animation=\"animated slideInRight\">Subscr\u00edbete gratis, a nuestro an\u00e1lisis de mercado semanal.<\/h2>\n<p>Te proporcionaremos las noticias e informaci\u00f3n m\u00e1s relevantes, sobre las acciones y eventos que cosideramos podr\u00edan producir transacciones rentables para la pr\u00f3xima semana.<\/p>\n<div class=\"forminator-ui forminator-custom-form forminator-custom-form-762 forminator-design--default  forminator_ajax\" data-forminator-render=\"0\" data-form=\"forminator-module-762\" data-uid=\"69d8474b18915\"><br\/><\/div><form\n\t\t\t\tid=\"forminator-module-762\"\n\t\t\t\tclass=\"forminator-ui forminator-custom-form forminator-custom-form-762 forminator-design--default  forminator_ajax\"\n\t\t\t\tmethod=\"post\"\n\t\t\t\tdata-forminator-render=\"0\"\n\t\t\t\tdata-form-id=\"762\"\n\t\t\t\t\n\t\t\t\tdata-design=\"default\"\n\t\t\t\t\n\t\t\t\t\n\t\t\t\t\n\t\t\t\tdata-grid=\"open\"\n\t\t\t\t\n\t\t\t\t\n\t\t\t\tstyle=\"display: none;\"\n\t\t\t\t\n\t\t\t\tdata-uid=\"69d8474b18915\" action=\"\"\n\t\t\t><div role=\"alert\" aria-live=\"polite\" class=\"forminator-response-message forminator-error\" aria-hidden=\"true\"><\/div><div class=\"forminator-row\"><div id=\"name-1\" class=\"forminator-field-name forminator-col forminator-col-12\"><div class=\"forminator-field\"><label for=\"forminator-field-name-1_69d8474b18915\" id=\"forminator-field-name-1_69d8474b18915-label\" class=\"forminator-label\">Primer nombre <span class=\"forminator-required\">*<\/span><\/label><input type=\"text\" name=\"name-1\" value=\"\" placeholder=\"Por ejemplo, Juan\" id=\"forminator-field-name-1_69d8474b18915\" class=\"forminator-input forminator-name--field\" aria-required=\"true\" \/><\/div><\/div><\/div><div class=\"forminator-row\"><div id=\"email-1\" class=\"forminator-field-email forminator-col forminator-col-12\"><div class=\"forminator-field\"><label for=\"forminator-field-email-1_69d8474b18915\" id=\"forminator-field-email-1_69d8474b18915-label\" class=\"forminator-label\">Direcci\u00f3n de correo electr\u00f3nico <span class=\"forminator-required\">*<\/span><\/label><input type=\"email\" name=\"email-1\" value=\"\" placeholder=\"Por ejemplo, john@doe.com\" id=\"forminator-field-email-1_69d8474b18915\" class=\"forminator-input forminator-email--field\" data-required=\"true\" aria-required=\"true\" \/><\/div><\/div><\/div><input type=\"hidden\" name=\"referer_url\" value=\"\" \/><div class=\"forminator-row forminator-row-last\"><div class=\"forminator-col\"><div class=\"forminator-field\"><button class=\"forminator-button forminator-button-submit\">Suscribir<\/button><\/div><\/div><\/div><input type=\"hidden\" id=\"forminator_nonce\" name=\"forminator_nonce\" value=\"53d6416538\" \/><input type=\"hidden\" name=\"_wp_http_referer\" value=\"\/es\/wp-json\/wp\/v2\/pages\/991\" \/><input type=\"hidden\" name=\"form_id\" value=\"762\"><input type=\"hidden\" name=\"page_id\" value=\"991\"><input type=\"hidden\" name=\"form_type\" value=\"default\"><input type=\"hidden\" name=\"current_url\" value=\"https:\/\/smallaccounttrades.com\/es\/nano-trading-account-tracker\/\"><input type=\"hidden\" name=\"render_id\" value=\"0\"><input type=\"hidden\" name=\"action\" value=\"forminator_submit_form_custom-forms\"><input type=\"hidden\" name=\"trp-form-language\" value=\"es\"\/><\/form>\n<\/div><\/div><\/div><\/section> <\/div>\n            <\/div>\n        <\/div>\n    <\/div>\n    <!-- End Features Area -->\n\t<div class=\"wpb_text_column wpb_content_element\" >\n\t\t<div class=\"wpb_wrapper\">\n\t\t\t<p style=\"text-align: center;\"><strong><u>ADVERTENCIA DE RIESGO<\/u><\/strong><\/p>\n<p style=\"text-align: center;\">El comercio de futuros, opciones, ETF, Forex y Crypto contiene un riesgo sustancial y no es para todos los inversores. Un inversionista podr\u00eda potencialmente perder todo o m\u00e1s que la inversi\u00f3n inicial. Un inversor solo debe operar utilizando capital de riesgo.<\/p>\n<p style=\"text-align: center;\">El capital de riesgo se refiere a los fondos asignados a la actividad especulativa y utilizados para inversiones de alto riesgo y alta rentabilidad. Se considera capital de riesgo cualquier dinero o activo que est\u00e9 expuesto a una posible p\u00e9rdida de valor.<\/p>\n<p style=\"text-align: center;\"><strong><u>EL RENDIMIENTO OBTENIDO EN EL PASADO, NO ES INDICATIVO DEL \u00c9XITO FUTURO.<\/u><\/strong>:<\/p>\n<p style=\"text-align: center;\">No asuma que los m\u00e9todos, t\u00e9cnicas o indicadores que utilizamos ser\u00e1n rentables o no generar\u00e1n p\u00e9rdidas. No asuma que las alertas futuras ser\u00e1n rentables o igualar\u00e1n el rendimiento anterior.<\/p>\n<p style=\"text-align: center;\">Small Account Trades no es un servicio de asesoramiento de inversiones, ni un asesor de inversiones registrado ni un corredor de bolsa y no es una recomendaci\u00f3n o sugerencia para comprar o vender valores o divisas.<\/p>\n<p style=\"text-align: center;\">Solo proporcionamos alertas para operaciones que realizamos con nuestro propio dinero, de acuerdo con nuestro nivel de tolerancia al riesgo y para hacer crecer nuestra cuenta trading.<\/p>\n<p style=\"text-align: center;\">No se hace ninguna representaci\u00f3n de que alguna cuenta logre o sea probable que logre ganancias o p\u00e9rdidas similares a las que se muestran.<\/p>\n\n\t\t<\/div>\n\t<\/div>\n<\/div><\/div><\/div><\/div>","protected":false},"excerpt":{"rendered":"Operaciones recientes de alertas de crecimiento de cuenta Nano Las alertas de crecimiento de esta cuenta Nano se proporcionaron para una cuenta comercial $500 durante un per\u00edodo de tres meses ELIJA SU NIVEL Todos los niveles crecer\u00e1n potencialmente 1000% Alertas de crecimiento de cuenta NANO Ideal para tama\u00f1os de cuenta entre $500 y $1,000, operadores con poco o sin experiencia, que buscan exposici\u00f3n a opciones [...]","protected":false},"author":1,"featured_media":790,"parent":0,"menu_order":0,"comment_status":"closed","ping_status":"closed","template":"page-templates\/pages-about.php","meta":{"pmpro_default_level":""},"aioseo_notices":[],"_links":{"self":[{"href":"https:\/\/smallaccounttrades.com\/es\/wp-json\/wp\/v2\/pages\/991"}],"collection":[{"href":"https:\/\/smallaccounttrades.com\/es\/wp-json\/wp\/v2\/pages"}],"about":[{"href":"https:\/\/smallaccounttrades.com\/es\/wp-json\/wp\/v2\/types\/page"}],"author":[{"embeddable":true,"href":"https:\/\/smallaccounttrades.com\/es\/wp-json\/wp\/v2\/users\/1"}],"replies":[{"embeddable":true,"href":"https:\/\/smallaccounttrades.com\/es\/wp-json\/wp\/v2\/comments?post=991"}],"version-history":[{"count":0,"href":"https:\/\/smallaccounttrades.com\/es\/wp-json\/wp\/v2\/pages\/991\/revisions"}],"wp:featuredmedia":[{"embeddable":true,"href":"https:\/\/smallaccounttrades.com\/es\/wp-json\/wp\/v2\/media\/790"}],"wp:attachment":[{"href":"https:\/\/smallaccounttrades.com\/es\/wp-json\/wp\/v2\/media?parent=991"}],"curies":[{"name":"wp","href":"https:\/\/api.w.org\/{rel}","templated":true}]}}